{"id":1994,"date":"2012-06-03T16:29:24","date_gmt":"2012-06-03T14:29:24","guid":{"rendered":"http:\/\/beta.yesbutnau.com\/tournament-info\/regles\/?lang=en"},"modified":"2018-01-25T12:53:32","modified_gmt":"2018-01-25T10:53:32","slug":"regles","status":"publish","type":"page","link":"https:\/\/yesbutnau.com\/en\/tournament-info\/regles\/","title":{"rendered":"Rules"},"content":{"rendered":"<h2>Le terrain<\/h2>\n<p>Les dimensions du terrain pour un 5 contre 5 sont : 45 m x 25 m pour la zone de jeu, avec deux zones de 15 m x 25 m.<br \/>\n<a href=\"http:\/\/yesbutnau.com\/wp-content\/uploads\/2012\/06\/beach_field.gif\"><img decoding=\"async\" class=\"aligncenter size-full wp-image-157\" title=\"beach_field\" alt=\"\" src=\"http:\/\/yesbutnau.com\/wp-content\/uploads\/2012\/06\/beach_field.gif\" width=\"300\" height=\"140\" \/><\/a><\/p>\n<h2>Format du tournoi<\/h2>\n<p>Ue seule division Open, ouverte \u00e0 tout niveau. L&#8217;esprit originel du sport est conserv\u00e9 avec une grande mixit\u00e9.<\/p>\n<h3>R\u00e8gles du tournoi<\/h3>\n<p>Le tournoi se joue suivant les bases du r\u00e8glement officielles BULA : <a href=\"http:\/\/www.beachultimate.org\/5on5rules_short.html\">5-on-5 rules<\/a> sauf indications contraires.<\/p>\n<p>&nbsp;<\/p>\n<p>Compte \u00e0 10 secondes, le joueur en possession du frisbee peut avoir l\u2019objet en main au maximum pendant 10 secondes sinon il y a turn-over.<\/p>\n<p>&nbsp;<\/p>\n<p>Le match est termin\u00e9 quand une \u00e9quipe marque 15 points.<\/p>\n<p>&nbsp;<\/p>\n<p>Pour tous les matchs, sauf la finale, le temps est termin\u00e9 apr\u00e8s 40 minutes. La finale se joue en 15 points sans limite de temps.<\/p>\n<p>&nbsp;<\/p>\n<p>Le temps est termin\u00e9 \u00e0 l\u2019annonce du jingle \u201cTime is over\u201d.<\/p>\n<p>&nbsp;<\/p>\n<p>Apr\u00e8s la fin du temps, le point en cours doit \u00eatre jou\u00e9.<\/p>\n<p>&nbsp;<\/p>\n<p>Si la diff\u00e9rence de points est inf\u00e9rieure \u00e0 2, les \u00e9quipes jouent jusqu\u2019\u00e0 CAP+2 (Le cap consiste \u00e0 la fin du temps et le point en cours termin\u00e9, d\u2019ajouter 2 points au score le plus \u00e9lev\u00e9; la premi\u00e8re \u00e9quipe acc\u00e9dant \u00e0 ce score gagne le match).<\/p>\n<p>&nbsp;<\/p>\n<p>Un temps mort de 1 minute par \u00e9quipe.<\/p>\n<p>&nbsp;<\/p>\n<p>Le chronom\u00e8tre n\u2019est pas arr\u00eat\u00e9 durant le temps mort, donc vous ne pouvez pas prendre un temps mort dans les 5 derni\u00e8res minutes (il y a un jingle).<\/p>\n<p>&nbsp;<\/p>\n<p>Pas de temps mort durant le CAP+2.<\/p>\n<p>&nbsp;<\/p>\n<p>La finale pour la premi\u00e8re place se joue sans limite de temps, le premier \u00e0 15 remporte le tournoi, deux temps mort par \u00e9quipe.<\/p>\n","protected":false},"excerpt":{"rendered":"<p>Le terrain Les dimensions du terrain pour un 5 contre 5 sont : 45 m x 25 m pour la zone de jeu, avec deux zones de 15 m x 25 m. Format du tournoi Ue seule division Open, ouverte \u00e0 tout niveau. L&#8217;esprit originel du sport est conserv\u00e9 avec une grande mixit\u00e9. R\u00e8gles du [&hellip;]<\/p>\n","protected":false},"author":1,"featured_media":0,"parent":1986,"menu_order":3,"comment_status":"closed","ping_status":"closed","template":"","meta":[],"acf":[],"yoast_head":"<!-- This site is optimized with the Yoast SEO plugin v19.14 - https:\/\/yoast.com\/wordpress\/plugins\/seo\/ -->\n<title>Rules - YES BUT NAU Ultimate Frisbee<\/title>\n<meta name=\"robots\" content=\"index, follow, max-snippet:-1, max-image-preview:large, max-video-preview:-1\" \/>\n<link rel=\"canonical\" href=\"https:\/\/yesbutnau.com\/en\/tournament-info\/regles\/\" \/>\n<meta property=\"og:locale\" content=\"en_US\" \/>\n<meta property=\"og:type\" content=\"article\" \/>\n<meta property=\"og:title\" content=\"Rules - YES BUT NAU Ultimate Frisbee\" \/>\n<meta property=\"og:description\" content=\"Le terrain Les dimensions du terrain pour un 5 contre 5 sont : 45 m x 25 m pour la zone de jeu, avec deux zones de 15 m x 25 m. Format du tournoi Ue seule division Open, ouverte \u00e0 tout niveau. L&#8217;esprit originel du sport est conserv\u00e9 avec une grande mixit\u00e9. R\u00e8gles du [&hellip;]\" \/>\n<meta property=\"og:url\" content=\"https:\/\/yesbutnau.com\/en\/tournament-info\/regles\/\" \/>\n<meta property=\"og:site_name\" content=\"YES BUT NAU\" \/>\n<meta property=\"article:publisher\" content=\"https:\/\/www.facebook.com\/YES-BUT-NAU-278947021736\/\" \/>\n<meta property=\"article:modified_time\" content=\"2018-01-25T10:53:32+00:00\" \/>\n<meta property=\"og:image\" content=\"http:\/\/yesbutnau.com\/wp-content\/uploads\/2012\/06\/beach_field.gif\" \/>\n<meta name=\"twitter:card\" content=\"summary_large_image\" \/>\n<meta name=\"twitter:site\" content=\"@frisbeurs\" \/>\n<meta name=\"twitter:label1\" content=\"Est. reading time\" \/>\n\t<meta name=\"twitter:data1\" content=\"1 minute\" \/>\n<script type=\"application\/ld+json\" class=\"yoast-schema-graph\">{\"@context\":\"https:\/\/schema.org\",\"@graph\":[{\"@type\":\"WebPage\",\"@id\":\"https:\/\/yesbutnau.com\/en\/tournament-info\/regles\/\",\"url\":\"https:\/\/yesbutnau.com\/en\/tournament-info\/regles\/\",\"name\":\"Rules - YES BUT NAU Ultimate Frisbee\",\"isPartOf\":{\"@id\":\"https:\/\/yesbutnau.com\/#website\"},\"datePublished\":\"2012-06-03T14:29:24+00:00\",\"dateModified\":\"2018-01-25T10:53:32+00:00\",\"breadcrumb\":{\"@id\":\"https:\/\/yesbutnau.com\/en\/tournament-info\/regles\/#breadcrumb\"},\"inLanguage\":\"en-US\",\"potentialAction\":[{\"@type\":\"ReadAction\",\"target\":[\"https:\/\/yesbutnau.com\/en\/tournament-info\/regles\/\"]}]},{\"@type\":\"BreadcrumbList\",\"@id\":\"https:\/\/yesbutnau.com\/en\/tournament-info\/regles\/#breadcrumb\",\"itemListElement\":[{\"@type\":\"ListItem\",\"position\":1,\"name\":\"Accueil\",\"item\":\"https:\/\/yesbutnau.com\/en\/\"},{\"@type\":\"ListItem\",\"position\":2,\"name\":\"Tournament info\",\"item\":\"https:\/\/yesbutnau.com\/en\/tournament-info\/\"},{\"@type\":\"ListItem\",\"position\":3,\"name\":\"Rules\"}]},{\"@type\":\"WebSite\",\"@id\":\"https:\/\/yesbutnau.com\/#website\",\"url\":\"https:\/\/yesbutnau.com\/\",\"name\":\"YES BUT NAU\",\"description\":\"June 3,4 & 5 2017\",\"potentialAction\":[{\"@type\":\"SearchAction\",\"target\":{\"@type\":\"EntryPoint\",\"urlTemplate\":\"https:\/\/yesbutnau.com\/?s={search_term_string}\"},\"query-input\":\"required name=search_term_string\"}],\"inLanguage\":\"en-US\"}]}<\/script>\n<!-- \/ Yoast SEO plugin. -->","yoast_head_json":{"title":"Rules - YES BUT NAU Ultimate Frisbee","robots":{"index":"index","follow":"follow","max-snippet":"max-snippet:-1","max-image-preview":"max-image-preview:large","max-video-preview":"max-video-preview:-1"},"canonical":"https:\/\/yesbutnau.com\/en\/tournament-info\/regles\/","og_locale":"en_US","og_type":"article","og_title":"Rules - YES BUT NAU Ultimate Frisbee","og_description":"Le terrain Les dimensions du terrain pour un 5 contre 5 sont : 45 m x 25 m pour la zone de jeu, avec deux zones de 15 m x 25 m. Format du tournoi Ue seule division Open, ouverte \u00e0 tout niveau. L&#8217;esprit originel du sport est conserv\u00e9 avec une grande mixit\u00e9. R\u00e8gles du [&hellip;]","og_url":"https:\/\/yesbutnau.com\/en\/tournament-info\/regles\/","og_site_name":"YES BUT NAU","article_publisher":"https:\/\/www.facebook.com\/YES-BUT-NAU-278947021736\/","article_modified_time":"2018-01-25T10:53:32+00:00","og_image":[{"url":"http:\/\/yesbutnau.com\/wp-content\/uploads\/2012\/06\/beach_field.gif"}],"twitter_card":"summary_large_image","twitter_site":"@frisbeurs","twitter_misc":{"Est. reading time":"1 minute"},"schema":{"@context":"https:\/\/schema.org","@graph":[{"@type":"WebPage","@id":"https:\/\/yesbutnau.com\/en\/tournament-info\/regles\/","url":"https:\/\/yesbutnau.com\/en\/tournament-info\/regles\/","name":"Rules - YES BUT NAU Ultimate Frisbee","isPartOf":{"@id":"https:\/\/yesbutnau.com\/#website"},"datePublished":"2012-06-03T14:29:24+00:00","dateModified":"2018-01-25T10:53:32+00:00","breadcrumb":{"@id":"https:\/\/yesbutnau.com\/en\/tournament-info\/regles\/#breadcrumb"},"inLanguage":"en-US","potentialAction":[{"@type":"ReadAction","target":["https:\/\/yesbutnau.com\/en\/tournament-info\/regles\/"]}]},{"@type":"BreadcrumbList","@id":"https:\/\/yesbutnau.com\/en\/tournament-info\/regles\/#breadcrumb","itemListElement":[{"@type":"ListItem","position":1,"name":"Accueil","item":"https:\/\/yesbutnau.com\/en\/"},{"@type":"ListItem","position":2,"name":"Tournament info","item":"https:\/\/yesbutnau.com\/en\/tournament-info\/"},{"@type":"ListItem","position":3,"name":"Rules"}]},{"@type":"WebSite","@id":"https:\/\/yesbutnau.com\/#website","url":"https:\/\/yesbutnau.com\/","name":"YES BUT NAU","description":"June 3,4 & 5 2017","potentialAction":[{"@type":"SearchAction","target":{"@type":"EntryPoint","urlTemplate":"https:\/\/yesbutnau.com\/?s={search_term_string}"},"query-input":"required name=search_term_string"}],"inLanguage":"en-US"}]}},"_links":{"self":[{"href":"https:\/\/yesbutnau.com\/en\/wp-json\/wp\/v2\/pages\/1994"}],"collection":[{"href":"https:\/\/yesbutnau.com\/en\/wp-json\/wp\/v2\/pages"}],"about":[{"href":"https:\/\/yesbutnau.com\/en\/wp-json\/wp\/v2\/types\/page"}],"author":[{"embeddable":true,"href":"https:\/\/yesbutnau.com\/en\/wp-json\/wp\/v2\/users\/1"}],"replies":[{"embeddable":true,"href":"https:\/\/yesbutnau.com\/en\/wp-json\/wp\/v2\/comments?post=1994"}],"version-history":[{"count":3,"href":"https:\/\/yesbutnau.com\/en\/wp-json\/wp\/v2\/pages\/1994\/revisions"}],"predecessor-version":[{"id":3485,"href":"https:\/\/yesbutnau.com\/en\/wp-json\/wp\/v2\/pages\/1994\/revisions\/3485"}],"up":[{"embeddable":true,"href":"https:\/\/yesbutnau.com\/en\/wp-json\/wp\/v2\/pages\/1986"}],"wp:attachment":[{"href":"https:\/\/yesbutnau.com\/en\/wp-json\/wp\/v2\/media?parent=1994"}],"curies":[{"name":"wp","href":"https:\/\/api.w.org\/{rel}","templated":true}]}}