{"id":2000,"date":"2016-04-11T23:42:40","date_gmt":"2016-04-11T21:42:40","guid":{"rendered":"http:\/\/beta.yesbutnau.com\/?page_id=2000&#038;lang=en"},"modified":"2016-04-11T23:42:40","modified_gmt":"2016-04-11T21:42:40","slug":"ultimate-frisbee","status":"publish","type":"page","link":"https:\/\/yesbutnau.com\/en\/about\/ultimate-frisbee\/","title":{"rendered":"Ultimate Frisbee"},"content":{"rendered":"<p>Ultimate is a collective sport played with a frisbee on 3 differents lands :<br \/>\n<img decoding=\"async\" src=\"http:\/\/beta.yesbutnau.com\/wp-content\/uploads\/2012\/06\/terrain-ultimate-300x119.jpg\" alt=\"terrain-ultimate\" width=\"300\" height=\"119\" class=\"alignright size-medium wp-image-1959\" srcset=\"https:\/\/yesbutnau.com\/wp-content\/uploads\/2012\/06\/terrain-ultimate-300x119.jpg 300w, https:\/\/yesbutnau.com\/wp-content\/uploads\/2012\/06\/terrain-ultimate.jpg 440w\" sizes=\"(max-width: 300px) 100vw, 300px\" \/><\/p>\n<ul>\n<li>Beach<\/li>\n<li>Outdoor<\/li>\n<li>Indoor<\/li>\n<\/ul>\n<p>&nbsp;<\/p>\n<p>Suivant la surface et la comp\u00e9tition, les r\u00e8gles sont adapt\u00e9es comme le nombre de joueurs, le temps de jeu, le nombre de temps mort ou m\u00eame une mi-temps.<\/p>\n<h2>Principe du sport.<\/h2>\n<p>Deux \u00e9quipes s\u2019opposent sur un terrain avec deux zones d\u2019en but comme au rugby, l\u2019\u00e9quipe qui attaque doit r\u00e9ceptionner le disque dans la zone adverse par passes successives. Le joueur en possession du disque ne peut pas marcher avec, il utilise un pied pivot comme au basket pour r\u00e9aliser une passe.<\/p>\n<h2>L\u2019Esprit du jeu.<\/h2>\n<p>Contrairement \u00e0 d\u2019autres sport, les contacts sont interdit et aucun arbitre n\u2019officie car l\u2019auto-arbitrage fait enti\u00e8rement partie du r\u00e8glement.<\/p>\n<h2>La f\u00e9d\u00e9ration<\/h2>\n<p><img decoding=\"async\" src=\"\/wp-content\/uploads\/2012\/06\/logo-FFDF.png\" alt=\"logo-FFDF\" width=\"215\" height=\"115\" class=\"alignleft size-full wp-image-1961\" \/>En france, la <a href=\"http:\/\/www.ffdf.fr\/\" target=\"_blank\">F\u00e9d\u00e9ration de Flying Disc France (FFDF)<\/a> est l&#8217;instance qui est en charge du d\u00e9veloppement de l&#8217;ultimate en milieu associatif, scolaire et handisport (l&#8217;une des seules f\u00e9d\u00e9rations mixtes valides et invalides). Elle organise les championnats f\u00e9d\u00e9raux et est l&#8217;instance en contact avec le minist\u00e8re de la Jeunesse et des Sports.<\/p>\n<p>Le nombre de licenci\u00e9s a d\u00e9pass\u00e9 les 3000 joueurs en 2015, et <a href=\"\/decouvrir\/l-ultimate\/ultimate-approfondi\/\">augmente de pr\u00e8s de 10% chaque ann\u00e9e<\/a>.<\/p>\n<p>Cette f\u00e9d\u00e9ration regroupe d&#8217;autres sports de disque qui sont plus ou moins pratiqu\u00e9es:<\/p>\n<p><a href=\"\/wp-content\/uploads\/2012\/06\/discgolf.jpg\"><img decoding=\"async\" class=\"wp-image-151 alignright\" title=\"discgolf\" alt=\"\" src=\"\/wp-content\/uploads\/2012\/06\/discgolf.jpg\" width=\"266\" height=\"179\" \/><\/a><strong>Le Discgolf:<\/strong> le m\u00eame principe que le golf \u00e0 l\u2019exception que les balles et les clubs sont remplac\u00e9s par des disques ayant chacun des caract\u00e9ristiques de vole diff\u00e9rente. Et le trou est remplac\u00e9 par une corbeille.<\/p>\n<div class=\"clearfix\">&nbsp;<\/div>\n<p><a href=\"\/wp-content\/uploads\/2012\/06\/freestyle.jpg\"><img decoding=\"async\" class=\"alignright  wp-image-153\" title=\"freestyle\" alt=\"\" src=\"\/wp-content\/uploads\/2012\/06\/freestyle-300x204.jpg\" width=\"266\" srcset=\"https:\/\/yesbutnau.com\/wp-content\/uploads\/2012\/06\/freestyle-300x204.jpg 300w, https:\/\/yesbutnau.com\/wp-content\/uploads\/2012\/06\/freestyle.jpg 440w\" sizes=\"(max-width: 300px) 100vw, 300px\" \/><\/a><strong>Le Freestyle:<\/strong> une discipline qui au m\u00eame titre que le foot freestyle consiste \u00e0 faire des figures avec le frisbee.<\/p>\n","protected":false},"excerpt":{"rendered":"<p>Ultimate is a collective sport played with a frisbee on 3 differents lands : Beach Outdoor Indoor &nbsp; Suivant la surface et la comp\u00e9tition, les r\u00e8gles sont adapt\u00e9es comme le nombre de joueurs, le temps de jeu, le nombre de temps mort ou m\u00eame une mi-temps. Principe du sport. Deux \u00e9quipes s\u2019opposent sur un terrain [&hellip;]<\/p>\n","protected":false},"author":3,"featured_media":0,"parent":1998,"menu_order":0,"comment_status":"closed","ping_status":"closed","template":"","meta":[],"acf":[],"yoast_head":"<!-- This site is optimized with the Yoast SEO plugin v19.14 - https:\/\/yoast.com\/wordpress\/plugins\/seo\/ -->\n<title>Ultimate Frisbee - YES BUT NAU Ultimate Frisbee<\/title>\n<meta name=\"robots\" content=\"index, follow, max-snippet:-1, max-image-preview:large, max-video-preview:-1\" \/>\n<link rel=\"canonical\" href=\"https:\/\/yesbutnau.com\/en\/about\/ultimate-frisbee\/\" \/>\n<meta property=\"og:locale\" content=\"en_US\" \/>\n<meta property=\"og:type\" content=\"article\" \/>\n<meta property=\"og:title\" content=\"Ultimate Frisbee - YES BUT NAU Ultimate Frisbee\" \/>\n<meta property=\"og:description\" content=\"Ultimate is a collective sport played with a frisbee on 3 differents lands : Beach Outdoor Indoor &nbsp; Suivant la surface et la comp\u00e9tition, les r\u00e8gles sont adapt\u00e9es comme le nombre de joueurs, le temps de jeu, le nombre de temps mort ou m\u00eame une mi-temps. Principe du sport. Deux \u00e9quipes s\u2019opposent sur un terrain [&hellip;]\" \/>\n<meta property=\"og:url\" content=\"https:\/\/yesbutnau.com\/en\/about\/ultimate-frisbee\/\" \/>\n<meta property=\"og:site_name\" content=\"YES BUT NAU\" \/>\n<meta property=\"article:publisher\" content=\"https:\/\/www.facebook.com\/YES-BUT-NAU-278947021736\/\" \/>\n<meta property=\"og:image\" content=\"http:\/\/beta.yesbutnau.com\/wp-content\/uploads\/2012\/06\/terrain-ultimate-300x119.jpg\" \/>\n<meta name=\"twitter:card\" content=\"summary_large_image\" \/>\n<meta name=\"twitter:site\" content=\"@frisbeurs\" \/>\n<meta name=\"twitter:label1\" content=\"Est. reading time\" \/>\n\t<meta name=\"twitter:data1\" content=\"1 minute\" \/>\n<script type=\"application\/ld+json\" class=\"yoast-schema-graph\">{\"@context\":\"https:\/\/schema.org\",\"@graph\":[{\"@type\":\"WebPage\",\"@id\":\"https:\/\/yesbutnau.com\/en\/about\/ultimate-frisbee\/\",\"url\":\"https:\/\/yesbutnau.com\/en\/about\/ultimate-frisbee\/\",\"name\":\"Ultimate Frisbee - YES BUT NAU Ultimate Frisbee\",\"isPartOf\":{\"@id\":\"https:\/\/yesbutnau.com\/#website\"},\"datePublished\":\"2016-04-11T21:42:40+00:00\",\"dateModified\":\"2016-04-11T21:42:40+00:00\",\"breadcrumb\":{\"@id\":\"https:\/\/yesbutnau.com\/en\/about\/ultimate-frisbee\/#breadcrumb\"},\"inLanguage\":\"en-US\",\"potentialAction\":[{\"@type\":\"ReadAction\",\"target\":[\"https:\/\/yesbutnau.com\/en\/about\/ultimate-frisbee\/\"]}]},{\"@type\":\"BreadcrumbList\",\"@id\":\"https:\/\/yesbutnau.com\/en\/about\/ultimate-frisbee\/#breadcrumb\",\"itemListElement\":[{\"@type\":\"ListItem\",\"position\":1,\"name\":\"Accueil\",\"item\":\"https:\/\/yesbutnau.com\/en\/\"},{\"@type\":\"ListItem\",\"position\":2,\"name\":\"About\",\"item\":\"https:\/\/yesbutnau.com\/en\/about\/\"},{\"@type\":\"ListItem\",\"position\":3,\"name\":\"Ultimate Frisbee\"}]},{\"@type\":\"WebSite\",\"@id\":\"https:\/\/yesbutnau.com\/#website\",\"url\":\"https:\/\/yesbutnau.com\/\",\"name\":\"YES BUT NAU\",\"description\":\"June 3,4 & 5 2017\",\"potentialAction\":[{\"@type\":\"SearchAction\",\"target\":{\"@type\":\"EntryPoint\",\"urlTemplate\":\"https:\/\/yesbutnau.com\/?s={search_term_string}\"},\"query-input\":\"required name=search_term_string\"}],\"inLanguage\":\"en-US\"}]}<\/script>\n<!-- \/ Yoast SEO plugin. -->","yoast_head_json":{"title":"Ultimate Frisbee - YES BUT NAU Ultimate Frisbee","robots":{"index":"index","follow":"follow","max-snippet":"max-snippet:-1","max-image-preview":"max-image-preview:large","max-video-preview":"max-video-preview:-1"},"canonical":"https:\/\/yesbutnau.com\/en\/about\/ultimate-frisbee\/","og_locale":"en_US","og_type":"article","og_title":"Ultimate Frisbee - YES BUT NAU Ultimate Frisbee","og_description":"Ultimate is a collective sport played with a frisbee on 3 differents lands : Beach Outdoor Indoor &nbsp; Suivant la surface et la comp\u00e9tition, les r\u00e8gles sont adapt\u00e9es comme le nombre de joueurs, le temps de jeu, le nombre de temps mort ou m\u00eame une mi-temps. Principe du sport. Deux \u00e9quipes s\u2019opposent sur un terrain [&hellip;]","og_url":"https:\/\/yesbutnau.com\/en\/about\/ultimate-frisbee\/","og_site_name":"YES BUT NAU","article_publisher":"https:\/\/www.facebook.com\/YES-BUT-NAU-278947021736\/","og_image":[{"url":"http:\/\/beta.yesbutnau.com\/wp-content\/uploads\/2012\/06\/terrain-ultimate-300x119.jpg"}],"twitter_card":"summary_large_image","twitter_site":"@frisbeurs","twitter_misc":{"Est. reading time":"1 minute"},"schema":{"@context":"https:\/\/schema.org","@graph":[{"@type":"WebPage","@id":"https:\/\/yesbutnau.com\/en\/about\/ultimate-frisbee\/","url":"https:\/\/yesbutnau.com\/en\/about\/ultimate-frisbee\/","name":"Ultimate Frisbee - YES BUT NAU Ultimate Frisbee","isPartOf":{"@id":"https:\/\/yesbutnau.com\/#website"},"datePublished":"2016-04-11T21:42:40+00:00","dateModified":"2016-04-11T21:42:40+00:00","breadcrumb":{"@id":"https:\/\/yesbutnau.com\/en\/about\/ultimate-frisbee\/#breadcrumb"},"inLanguage":"en-US","potentialAction":[{"@type":"ReadAction","target":["https:\/\/yesbutnau.com\/en\/about\/ultimate-frisbee\/"]}]},{"@type":"BreadcrumbList","@id":"https:\/\/yesbutnau.com\/en\/about\/ultimate-frisbee\/#breadcrumb","itemListElement":[{"@type":"ListItem","position":1,"name":"Accueil","item":"https:\/\/yesbutnau.com\/en\/"},{"@type":"ListItem","position":2,"name":"About","item":"https:\/\/yesbutnau.com\/en\/about\/"},{"@type":"ListItem","position":3,"name":"Ultimate Frisbee"}]},{"@type":"WebSite","@id":"https:\/\/yesbutnau.com\/#website","url":"https:\/\/yesbutnau.com\/","name":"YES BUT NAU","description":"June 3,4 & 5 2017","potentialAction":[{"@type":"SearchAction","target":{"@type":"EntryPoint","urlTemplate":"https:\/\/yesbutnau.com\/?s={search_term_string}"},"query-input":"required name=search_term_string"}],"inLanguage":"en-US"}]}},"_links":{"self":[{"href":"https:\/\/yesbutnau.com\/en\/wp-json\/wp\/v2\/pages\/2000"}],"collection":[{"href":"https:\/\/yesbutnau.com\/en\/wp-json\/wp\/v2\/pages"}],"about":[{"href":"https:\/\/yesbutnau.com\/en\/wp-json\/wp\/v2\/types\/page"}],"author":[{"embeddable":true,"href":"https:\/\/yesbutnau.com\/en\/wp-json\/wp\/v2\/users\/3"}],"replies":[{"embeddable":true,"href":"https:\/\/yesbutnau.com\/en\/wp-json\/wp\/v2\/comments?post=2000"}],"version-history":[{"count":1,"href":"https:\/\/yesbutnau.com\/en\/wp-json\/wp\/v2\/pages\/2000\/revisions"}],"predecessor-version":[{"id":2001,"href":"https:\/\/yesbutnau.com\/en\/wp-json\/wp\/v2\/pages\/2000\/revisions\/2001"}],"up":[{"embeddable":true,"href":"https:\/\/yesbutnau.com\/en\/wp-json\/wp\/v2\/pages\/1998"}],"wp:attachment":[{"href":"https:\/\/yesbutnau.com\/en\/wp-json\/wp\/v2\/media?parent=2000"}],"curies":[{"name":"wp","href":"https:\/\/api.w.org\/{rel}","templated":true}]}}