{"id":2004,"date":"2016-04-11T23:43:25","date_gmt":"2016-04-11T21:43:25","guid":{"rendered":"http:\/\/beta.yesbutnau.com\/?page_id=2004&#038;lang=en"},"modified":"2016-04-11T23:43:25","modified_gmt":"2016-04-11T21:43:25","slug":"the-yes-but-nau","status":"publish","type":"page","link":"https:\/\/yesbutnau.com\/en\/about\/the-yes-but-nau\/","title":{"rendered":"The Yes But Nau"},"content":{"rendered":"<p>Le \u00abYes But Nau\u00bb est un tournoi international d&#8217;ultimate sur plage qui a vu le jour en 2000, afin de marquer les 10 ans du club des <a href=\"http:\/\/www.frisbeurs.fr\/\" target=\"_blank\">Frisbeurs Nantais<\/a>.<\/p>\n<p>Cette comp\u00e9tition se d\u00e9roule au Pouliguen, durant les 3 jours du week-end de la Pentec\u00f4te (mois de mai ou de juin).<\/p>\n<p>Le Yes But Nau, c&#8217;est aujourd&#8217;hui 16 ann\u00e9es d&#8217;organisation de tournoi et le premier championnat d&#8217;europe des nations d&#8217;ultimate sur plage (ECBU) organis\u00e9 en collaboration avec la <a href=\"http:\/\/www.ffdf.fr\/\" target=\"_blank\">FFDF<\/a> , l&#8217;association <a href=\"http:\/\/beachultimate.org\/\" target=\"_blank\">BULA<\/a> et la mairie du Pouliguen en 2008.<\/p>\n<p>&nbsp;<\/p>\n<p>Le tournoi est devenu une r\u00e9f\u00e9rence en France, de 16 \u00e9quipes inscrites en 2000 le tournoi est progressivement pass\u00e9 \u00e0 28 \u00e9quipes en 2013, toujours en gardant un ratio 50\/50 entre \u00e9quipes fran\u00e7aises et europ\u00e9ennes (internationales parfois).<\/p>\n<p>Retrouvez toutes les \u00e9ditions pass\u00e9es dans la rubrique &#8220;<a href=\"\/resultats\/\">R\u00e9sultats<\/a>&#8220;, ainsi que le palmar\u00e8s de <a href=\"\/resultats\/les-equipes\/\">toutes les \u00e9quipes<\/a> ayant particip\u00e9 \u00e0 ce tournoi.<\/p>\n<p>&nbsp;<\/p>\n<p><iframe id=\"dm_jukebox_iframe\" style=\"overflow: hidden; margin: 0pt; padding: 0pt; width: 100%; height: 375px;\" src=\"http:\/\/www.dailymotion.com\/widget\/jukebox?list[]=%2Fplaylist%2Fx15dxw_frisbeurs_yes-but-nau\" width=\"100%\" height=\"240\" frameborder=\"0\" marginwidth=\"0\" marginheight=\"0\" align=\"middle\"><\/iframe><\/p>\n<h2>En quelques points:<\/h2>\n<ul>\n<li>Des matchs de haut niveau, par \u00e9quipe de 5 joueurs, sur une surface favorisant le c\u00f4t\u00e9 sp\u00e9ctaculaire. Des plongeons offensifs ou d\u00e9fensifs assur\u00e9s.<\/li>\n<li>24 \u00e9quipes dont 12 europ\u00e9ennes (Allemagne, Angleterre, Belgique, Irlande, Pays-bas, etc), soit entre 250 et 300 joueurs.<\/li>\n<li>9 matchs de 40 mn pour chaque \u00e9quipe (quelque soit son classement), sur les 4 terrains de 75m x 25m, durant 3 jours.<\/li>\n<li>Des ateliers tous public d&#8217;initiation aux diff\u00e9rentes techniques de lancer du frisbee, tr\u00e8s appr\u00e9ci\u00e9s par les initi\u00e9s.<\/li>\n<li>Une plage accueillante et anim\u00e9e proche du centre du Pouliguen, au c\u0153ur de la baie de la Baule, avec des infrastructures de qualit\u00e9.<\/li>\n<li>Une tribune de 300 places pour assister aux matchs du terrain central dans de bonnes conditions, notamment la finale (le lundi vers 15h).<\/li>\n<li>Un site touristique d\u00e9j\u00e0 tr\u00e8s fr\u00e9quent\u00e9 \u00e0 cette \u00e9poque de l&#8217;ann\u00e9e. Un public croissant amateur d&#8217;Ultimate et des sports fun en g\u00e9n\u00e9ral.<\/li>\n<li>Entre 30 et 40 b\u00e9n\u00e9voles qui assurent la mise en place de la plage, de la restauration, des tables de marque et de l\u2019animation pour le public.<\/li>\n<\/ul>\n<h2>Les Frisbeurs Nantais:<\/h2>\n<p><img decoding=\"async\" src=\"http:\/\/beta.yesbutnau.com\/wp-content\/uploads\/2016\/04\/logo-frisbeurs-150x150.jpg\" alt=\"logo frisbeurs\" width=\"150\" height=\"150\" class=\"alignright size-thumbnail wp-image-1064\" srcset=\"https:\/\/yesbutnau.com\/wp-content\/uploads\/2016\/04\/logo-frisbeurs-150x150.jpg 150w, https:\/\/yesbutnau.com\/wp-content\/uploads\/2016\/04\/logo-frisbeurs-300x300.jpg 300w, https:\/\/yesbutnau.com\/wp-content\/uploads\/2016\/04\/logo-frisbeurs-75x75.jpg 75w, https:\/\/yesbutnau.com\/wp-content\/uploads\/2016\/04\/logo-frisbeurs-457x457.jpg 457w, https:\/\/yesbutnau.com\/wp-content\/uploads\/2016\/04\/logo-frisbeurs.jpg 512w\" sizes=\"(max-width: 150px) 100vw, 150px\" \/><\/p>\n<ul>\n<li><strong>50<\/strong> Joueurs<\/li>\n<li><strong>10<\/strong> Loisirs<\/li>\n<li><strong>40<\/strong> Jeunes (moins de 20ans)<\/li>\n<\/ul>\n<p><a href=\"http:\/\/www.frisbeurs.fr\/2016\/03\/la-barre-des-100-licencies-est-franchie\/\" target=\"_blank\">Soit <strong>100<\/strong> licenci\u00e9s en 2016<\/a><\/p>\n<p>Le club est engag\u00e9 dans toutes les comp\u00e9titions f\u00e9d\u00e9rales, sur toutes les surfaces, et toutes les cat\u00e9gories.<br \/>\nRetrouvez <a href=\"http:\/\/www.frisbeurs.fr\/les-equipes\/\" target=\"_blank\">la liste des \u00e9quipes Frisbeurs sur leur site web.<\/a><br \/>\nEn 2016, le club \u00e9volue en division : <\/p>\n<ul>\n<li>Indoor: N2 et R1<\/li>\n<li>Outdoor: N2 et DR1<\/li>\n<li>Beach: N1<\/li>\n<\/ul>\n<p>A noter que les juniors U20 sont <a href=\"http:\/\/www.frisbeurs.fr\/2015\/12\/champions-de-france-u20-indoor\/\" target=\"_blank\">champions de France<\/a> indoor 2015\/2016.<\/p>\n<p>Plusieurs de nos joueurs sont \u00e9galement pr\u00e9sents en <a href=\"http:\/\/www.frisbeurs.fr\/selection-france\/\" target=\"_blank\">\u00e9quipe de France<\/a> et iront d\u00e9fendre les couleurs nationales aux championnat du monde Outdoor 2016 \u00e0 Londres.<\/p>\n","protected":false},"excerpt":{"rendered":"<p>Le \u00abYes But Nau\u00bb est un tournoi international d&#8217;ultimate sur plage qui a vu le jour en 2000, afin de marquer les 10 ans du club des Frisbeurs Nantais. Cette comp\u00e9tition se d\u00e9roule au Pouliguen, durant les 3 jours du week-end de la Pentec\u00f4te (mois de mai ou de juin). Le Yes But Nau, c&#8217;est [&hellip;]<\/p>\n","protected":false},"author":3,"featured_media":0,"parent":1998,"menu_order":2,"comment_status":"closed","ping_status":"closed","template":"","meta":[],"acf":[],"yoast_head":"<!-- This site is optimized with the Yoast SEO plugin v19.14 - https:\/\/yoast.com\/wordpress\/plugins\/seo\/ -->\n<title>The Yes But Nau - YES BUT NAU Ultimate Frisbee<\/title>\n<meta name=\"robots\" content=\"index, follow, max-snippet:-1, max-image-preview:large, max-video-preview:-1\" \/>\n<link rel=\"canonical\" href=\"https:\/\/yesbutnau.com\/en\/about\/the-yes-but-nau\/\" \/>\n<meta property=\"og:locale\" content=\"en_US\" \/>\n<meta property=\"og:type\" content=\"article\" \/>\n<meta property=\"og:title\" content=\"The Yes But Nau - YES BUT NAU Ultimate Frisbee\" \/>\n<meta property=\"og:description\" content=\"Le \u00abYes But Nau\u00bb est un tournoi international d&#8217;ultimate sur plage qui a vu le jour en 2000, afin de marquer les 10 ans du club des Frisbeurs Nantais. Cette comp\u00e9tition se d\u00e9roule au Pouliguen, durant les 3 jours du week-end de la Pentec\u00f4te (mois de mai ou de juin). Le Yes But Nau, c&#8217;est [&hellip;]\" \/>\n<meta property=\"og:url\" content=\"https:\/\/yesbutnau.com\/en\/about\/the-yes-but-nau\/\" \/>\n<meta property=\"og:site_name\" content=\"YES BUT NAU\" \/>\n<meta property=\"article:publisher\" content=\"https:\/\/www.facebook.com\/YES-BUT-NAU-278947021736\/\" \/>\n<meta property=\"og:image\" content=\"http:\/\/beta.yesbutnau.com\/wp-content\/uploads\/2016\/04\/logo-frisbeurs-150x150.jpg\" \/>\n<meta name=\"twitter:card\" content=\"summary_large_image\" \/>\n<meta name=\"twitter:site\" content=\"@frisbeurs\" \/>\n<meta name=\"twitter:label1\" content=\"Est. reading time\" \/>\n\t<meta name=\"twitter:data1\" content=\"2 minutes\" \/>\n<script type=\"application\/ld+json\" class=\"yoast-schema-graph\">{\"@context\":\"https:\/\/schema.org\",\"@graph\":[{\"@type\":\"WebPage\",\"@id\":\"https:\/\/yesbutnau.com\/en\/about\/the-yes-but-nau\/\",\"url\":\"https:\/\/yesbutnau.com\/en\/about\/the-yes-but-nau\/\",\"name\":\"The Yes But Nau - YES BUT NAU Ultimate Frisbee\",\"isPartOf\":{\"@id\":\"https:\/\/yesbutnau.com\/#website\"},\"datePublished\":\"2016-04-11T21:43:25+00:00\",\"dateModified\":\"2016-04-11T21:43:25+00:00\",\"breadcrumb\":{\"@id\":\"https:\/\/yesbutnau.com\/en\/about\/the-yes-but-nau\/#breadcrumb\"},\"inLanguage\":\"en-US\",\"potentialAction\":[{\"@type\":\"ReadAction\",\"target\":[\"https:\/\/yesbutnau.com\/en\/about\/the-yes-but-nau\/\"]}]},{\"@type\":\"BreadcrumbList\",\"@id\":\"https:\/\/yesbutnau.com\/en\/about\/the-yes-but-nau\/#breadcrumb\",\"itemListElement\":[{\"@type\":\"ListItem\",\"position\":1,\"name\":\"Accueil\",\"item\":\"https:\/\/yesbutnau.com\/en\/\"},{\"@type\":\"ListItem\",\"position\":2,\"name\":\"About\",\"item\":\"https:\/\/yesbutnau.com\/en\/about\/\"},{\"@type\":\"ListItem\",\"position\":3,\"name\":\"The Yes But Nau\"}]},{\"@type\":\"WebSite\",\"@id\":\"https:\/\/yesbutnau.com\/#website\",\"url\":\"https:\/\/yesbutnau.com\/\",\"name\":\"YES BUT NAU\",\"description\":\"June 3,4 & 5 2017\",\"potentialAction\":[{\"@type\":\"SearchAction\",\"target\":{\"@type\":\"EntryPoint\",\"urlTemplate\":\"https:\/\/yesbutnau.com\/?s={search_term_string}\"},\"query-input\":\"required name=search_term_string\"}],\"inLanguage\":\"en-US\"}]}<\/script>\n<!-- \/ Yoast SEO plugin. -->","yoast_head_json":{"title":"The Yes But Nau - YES BUT NAU Ultimate Frisbee","robots":{"index":"index","follow":"follow","max-snippet":"max-snippet:-1","max-image-preview":"max-image-preview:large","max-video-preview":"max-video-preview:-1"},"canonical":"https:\/\/yesbutnau.com\/en\/about\/the-yes-but-nau\/","og_locale":"en_US","og_type":"article","og_title":"The Yes But Nau - YES BUT NAU Ultimate Frisbee","og_description":"Le \u00abYes But Nau\u00bb est un tournoi international d&#8217;ultimate sur plage qui a vu le jour en 2000, afin de marquer les 10 ans du club des Frisbeurs Nantais. Cette comp\u00e9tition se d\u00e9roule au Pouliguen, durant les 3 jours du week-end de la Pentec\u00f4te (mois de mai ou de juin). Le Yes But Nau, c&#8217;est [&hellip;]","og_url":"https:\/\/yesbutnau.com\/en\/about\/the-yes-but-nau\/","og_site_name":"YES BUT NAU","article_publisher":"https:\/\/www.facebook.com\/YES-BUT-NAU-278947021736\/","og_image":[{"url":"http:\/\/beta.yesbutnau.com\/wp-content\/uploads\/2016\/04\/logo-frisbeurs-150x150.jpg"}],"twitter_card":"summary_large_image","twitter_site":"@frisbeurs","twitter_misc":{"Est. reading time":"2 minutes"},"schema":{"@context":"https:\/\/schema.org","@graph":[{"@type":"WebPage","@id":"https:\/\/yesbutnau.com\/en\/about\/the-yes-but-nau\/","url":"https:\/\/yesbutnau.com\/en\/about\/the-yes-but-nau\/","name":"The Yes But Nau - YES BUT NAU Ultimate Frisbee","isPartOf":{"@id":"https:\/\/yesbutnau.com\/#website"},"datePublished":"2016-04-11T21:43:25+00:00","dateModified":"2016-04-11T21:43:25+00:00","breadcrumb":{"@id":"https:\/\/yesbutnau.com\/en\/about\/the-yes-but-nau\/#breadcrumb"},"inLanguage":"en-US","potentialAction":[{"@type":"ReadAction","target":["https:\/\/yesbutnau.com\/en\/about\/the-yes-but-nau\/"]}]},{"@type":"BreadcrumbList","@id":"https:\/\/yesbutnau.com\/en\/about\/the-yes-but-nau\/#breadcrumb","itemListElement":[{"@type":"ListItem","position":1,"name":"Accueil","item":"https:\/\/yesbutnau.com\/en\/"},{"@type":"ListItem","position":2,"name":"About","item":"https:\/\/yesbutnau.com\/en\/about\/"},{"@type":"ListItem","position":3,"name":"The Yes But Nau"}]},{"@type":"WebSite","@id":"https:\/\/yesbutnau.com\/#website","url":"https:\/\/yesbutnau.com\/","name":"YES BUT NAU","description":"June 3,4 & 5 2017","potentialAction":[{"@type":"SearchAction","target":{"@type":"EntryPoint","urlTemplate":"https:\/\/yesbutnau.com\/?s={search_term_string}"},"query-input":"required name=search_term_string"}],"inLanguage":"en-US"}]}},"_links":{"self":[{"href":"https:\/\/yesbutnau.com\/en\/wp-json\/wp\/v2\/pages\/2004"}],"collection":[{"href":"https:\/\/yesbutnau.com\/en\/wp-json\/wp\/v2\/pages"}],"about":[{"href":"https:\/\/yesbutnau.com\/en\/wp-json\/wp\/v2\/types\/page"}],"author":[{"embeddable":true,"href":"https:\/\/yesbutnau.com\/en\/wp-json\/wp\/v2\/users\/3"}],"replies":[{"embeddable":true,"href":"https:\/\/yesbutnau.com\/en\/wp-json\/wp\/v2\/comments?post=2004"}],"version-history":[{"count":1,"href":"https:\/\/yesbutnau.com\/en\/wp-json\/wp\/v2\/pages\/2004\/revisions"}],"predecessor-version":[{"id":2005,"href":"https:\/\/yesbutnau.com\/en\/wp-json\/wp\/v2\/pages\/2004\/revisions\/2005"}],"up":[{"embeddable":true,"href":"https:\/\/yesbutnau.com\/en\/wp-json\/wp\/v2\/pages\/1998"}],"wp:attachment":[{"href":"https:\/\/yesbutnau.com\/en\/wp-json\/wp\/v2\/media?parent=2004"}],"curies":[{"name":"wp","href":"https:\/\/api.w.org\/{rel}","templated":true}]}}