{"id":2006,"date":"2016-04-11T23:43:58","date_gmt":"2016-04-11T21:43:58","guid":{"rendered":"http:\/\/beta.yesbutnau.com\/?page_id=2006&#038;lang=en"},"modified":"2016-04-11T23:45:56","modified_gmt":"2016-04-11T21:45:56","slug":"le-pouliguen","status":"publish","type":"page","link":"https:\/\/yesbutnau.com\/en\/about\/le-pouliguen\/","title":{"rendered":"Le Pouliguen"},"content":{"rendered":"<p>At the end of the Baule Bay, the Pouliguen offer a wonderfull quiet area.<br \/>\nThe amazing fine sand is perfect for a week end or hollidays with friends of family.<\/p>\n<h2>What to do at Pouliguen ?<\/h2>\n<p><img fetchpriority=\"high\" decoding=\"async\" src=\"http:\/\/beta.yesbutnau.com\/wp-content\/uploads\/2016\/03\/Le-Pouliguen_logo-300x189.jpg\" alt=\"Le-Pouliguen_logo\" width=\"300\" height=\"189\" class=\"alignright size-medium wp-image-1975\" srcset=\"https:\/\/yesbutnau.com\/wp-content\/uploads\/2016\/03\/Le-Pouliguen_logo-300x189.jpg 300w, https:\/\/yesbutnau.com\/wp-content\/uploads\/2016\/03\/Le-Pouliguen_logo.jpg 550w\" sizes=\"(max-width: 300px) 100vw, 300px\" \/>A lot of opportunities : <\/p>\n<ul>\n<li>Baie de La Baule<\/li>\n<li>C\u00f4te sauvage,<\/li>\n<li>Marais salants,<\/li>\n<li>Cit\u00e9 m\u00e9di\u00e9vale de Gu\u00e9rande,<\/li>\n<li>Parc naturel r\u00e9gional de Bri\u00e8re<\/li>\n<li>&#8230;<\/li>\n<\/ul>\n<h2>Usefull links<\/h2>\n<ul>\n<li><a href=\"http:\/\/www.tourisme-lepouliguen.fr\/\" target=\"_blank\">Office du tourisme<\/a><\/li>\n<li><a target=\"_blank\" href=\"http:\/\/www.residencelestilleuls44.com\/\">R\u00e9sidence Les Tilleuls<\/a><\/li>\n<li><a target=\"_blank\" href=\"http:\/\/www.locationsdelaplage.com\/\">Les locations de la plage<\/a><\/li>\n<\/ul>\n","protected":false},"excerpt":{"rendered":"<p>At the end of the Baule Bay, the Pouliguen offer a wonderfull quiet area. The amazing fine sand is perfect for a week end or hollidays with friends of family. What to do at Pouliguen ? A lot of opportunities : Baie de La Baule C\u00f4te sauvage, Marais salants, Cit\u00e9 m\u00e9di\u00e9vale de Gu\u00e9rande, Parc naturel [&hellip;]<\/p>\n","protected":false},"author":3,"featured_media":2482,"parent":1998,"menu_order":3,"comment_status":"closed","ping_status":"closed","template":"","meta":[],"acf":[],"yoast_head":"<!-- This site is optimized with the Yoast SEO plugin v19.14 - https:\/\/yoast.com\/wordpress\/plugins\/seo\/ -->\n<title>Le Pouliguen - YES BUT NAU Ultimate Frisbee<\/title>\n<meta name=\"robots\" content=\"index, follow, max-snippet:-1, max-image-preview:large, max-video-preview:-1\" \/>\n<link rel=\"canonical\" href=\"https:\/\/yesbutnau.com\/en\/about\/le-pouliguen\/\" \/>\n<meta property=\"og:locale\" content=\"en_US\" \/>\n<meta property=\"og:type\" content=\"article\" \/>\n<meta property=\"og:title\" content=\"Le Pouliguen - YES BUT NAU Ultimate Frisbee\" \/>\n<meta property=\"og:description\" content=\"At the end of the Baule Bay, the Pouliguen offer a wonderfull quiet area. The amazing fine sand is perfect for a week end or hollidays with friends of family. What to do at Pouliguen ? A lot of opportunities : Baie de La Baule C\u00f4te sauvage, Marais salants, Cit\u00e9 m\u00e9di\u00e9vale de Gu\u00e9rande, Parc naturel [&hellip;]\" \/>\n<meta property=\"og:url\" content=\"https:\/\/yesbutnau.com\/en\/about\/le-pouliguen\/\" \/>\n<meta property=\"og:site_name\" content=\"YES BUT NAU\" \/>\n<meta property=\"article:publisher\" content=\"https:\/\/www.facebook.com\/YES-BUT-NAU-278947021736\/\" \/>\n<meta property=\"article:modified_time\" content=\"2016-04-11T21:45:56+00:00\" \/>\n<meta property=\"og:image\" content=\"https:\/\/yesbutnau.com\/wp-content\/uploads\/2016\/03\/pouliguen.jpg\" \/>\n\t<meta property=\"og:image:width\" content=\"1500\" \/>\n\t<meta property=\"og:image:height\" content=\"1125\" \/>\n\t<meta property=\"og:image:type\" content=\"image\/jpeg\" \/>\n<meta name=\"twitter:card\" content=\"summary_large_image\" \/>\n<meta name=\"twitter:site\" content=\"@frisbeurs\" \/>\n<script type=\"application\/ld+json\" class=\"yoast-schema-graph\">{\"@context\":\"https:\/\/schema.org\",\"@graph\":[{\"@type\":\"WebPage\",\"@id\":\"https:\/\/yesbutnau.com\/en\/about\/le-pouliguen\/\",\"url\":\"https:\/\/yesbutnau.com\/en\/about\/le-pouliguen\/\",\"name\":\"Le Pouliguen - YES BUT NAU Ultimate Frisbee\",\"isPartOf\":{\"@id\":\"https:\/\/yesbutnau.com\/#website\"},\"datePublished\":\"2016-04-11T21:43:58+00:00\",\"dateModified\":\"2016-04-11T21:45:56+00:00\",\"breadcrumb\":{\"@id\":\"https:\/\/yesbutnau.com\/en\/about\/le-pouliguen\/#breadcrumb\"},\"inLanguage\":\"en-US\",\"potentialAction\":[{\"@type\":\"ReadAction\",\"target\":[\"https:\/\/yesbutnau.com\/en\/about\/le-pouliguen\/\"]}]},{\"@type\":\"BreadcrumbList\",\"@id\":\"https:\/\/yesbutnau.com\/en\/about\/le-pouliguen\/#breadcrumb\",\"itemListElement\":[{\"@type\":\"ListItem\",\"position\":1,\"name\":\"Accueil\",\"item\":\"https:\/\/yesbutnau.com\/en\/\"},{\"@type\":\"ListItem\",\"position\":2,\"name\":\"About\",\"item\":\"https:\/\/yesbutnau.com\/en\/about\/\"},{\"@type\":\"ListItem\",\"position\":3,\"name\":\"Le Pouliguen\"}]},{\"@type\":\"WebSite\",\"@id\":\"https:\/\/yesbutnau.com\/#website\",\"url\":\"https:\/\/yesbutnau.com\/\",\"name\":\"YES BUT NAU\",\"description\":\"June 3,4 & 5 2017\",\"potentialAction\":[{\"@type\":\"SearchAction\",\"target\":{\"@type\":\"EntryPoint\",\"urlTemplate\":\"https:\/\/yesbutnau.com\/?s={search_term_string}\"},\"query-input\":\"required name=search_term_string\"}],\"inLanguage\":\"en-US\"}]}<\/script>\n<!-- \/ Yoast SEO plugin. -->","yoast_head_json":{"title":"Le Pouliguen - YES BUT NAU Ultimate Frisbee","robots":{"index":"index","follow":"follow","max-snippet":"max-snippet:-1","max-image-preview":"max-image-preview:large","max-video-preview":"max-video-preview:-1"},"canonical":"https:\/\/yesbutnau.com\/en\/about\/le-pouliguen\/","og_locale":"en_US","og_type":"article","og_title":"Le Pouliguen - YES BUT NAU Ultimate Frisbee","og_description":"At the end of the Baule Bay, the Pouliguen offer a wonderfull quiet area. The amazing fine sand is perfect for a week end or hollidays with friends of family. What to do at Pouliguen ? A lot of opportunities : Baie de La Baule C\u00f4te sauvage, Marais salants, Cit\u00e9 m\u00e9di\u00e9vale de Gu\u00e9rande, Parc naturel [&hellip;]","og_url":"https:\/\/yesbutnau.com\/en\/about\/le-pouliguen\/","og_site_name":"YES BUT NAU","article_publisher":"https:\/\/www.facebook.com\/YES-BUT-NAU-278947021736\/","article_modified_time":"2016-04-11T21:45:56+00:00","og_image":[{"width":1500,"height":1125,"url":"https:\/\/yesbutnau.com\/wp-content\/uploads\/2016\/03\/pouliguen.jpg","type":"image\/jpeg"}],"twitter_card":"summary_large_image","twitter_site":"@frisbeurs","schema":{"@context":"https:\/\/schema.org","@graph":[{"@type":"WebPage","@id":"https:\/\/yesbutnau.com\/en\/about\/le-pouliguen\/","url":"https:\/\/yesbutnau.com\/en\/about\/le-pouliguen\/","name":"Le Pouliguen - YES BUT NAU Ultimate Frisbee","isPartOf":{"@id":"https:\/\/yesbutnau.com\/#website"},"datePublished":"2016-04-11T21:43:58+00:00","dateModified":"2016-04-11T21:45:56+00:00","breadcrumb":{"@id":"https:\/\/yesbutnau.com\/en\/about\/le-pouliguen\/#breadcrumb"},"inLanguage":"en-US","potentialAction":[{"@type":"ReadAction","target":["https:\/\/yesbutnau.com\/en\/about\/le-pouliguen\/"]}]},{"@type":"BreadcrumbList","@id":"https:\/\/yesbutnau.com\/en\/about\/le-pouliguen\/#breadcrumb","itemListElement":[{"@type":"ListItem","position":1,"name":"Accueil","item":"https:\/\/yesbutnau.com\/en\/"},{"@type":"ListItem","position":2,"name":"About","item":"https:\/\/yesbutnau.com\/en\/about\/"},{"@type":"ListItem","position":3,"name":"Le Pouliguen"}]},{"@type":"WebSite","@id":"https:\/\/yesbutnau.com\/#website","url":"https:\/\/yesbutnau.com\/","name":"YES BUT NAU","description":"June 3,4 & 5 2017","potentialAction":[{"@type":"SearchAction","target":{"@type":"EntryPoint","urlTemplate":"https:\/\/yesbutnau.com\/?s={search_term_string}"},"query-input":"required name=search_term_string"}],"inLanguage":"en-US"}]}},"_links":{"self":[{"href":"https:\/\/yesbutnau.com\/en\/wp-json\/wp\/v2\/pages\/2006"}],"collection":[{"href":"https:\/\/yesbutnau.com\/en\/wp-json\/wp\/v2\/pages"}],"about":[{"href":"https:\/\/yesbutnau.com\/en\/wp-json\/wp\/v2\/types\/page"}],"author":[{"embeddable":true,"href":"https:\/\/yesbutnau.com\/en\/wp-json\/wp\/v2\/users\/3"}],"replies":[{"embeddable":true,"href":"https:\/\/yesbutnau.com\/en\/wp-json\/wp\/v2\/comments?post=2006"}],"version-history":[{"count":3,"href":"https:\/\/yesbutnau.com\/en\/wp-json\/wp\/v2\/pages\/2006\/revisions"}],"predecessor-version":[{"id":2009,"href":"https:\/\/yesbutnau.com\/en\/wp-json\/wp\/v2\/pages\/2006\/revisions\/2009"}],"up":[{"embeddable":true,"href":"https:\/\/yesbutnau.com\/en\/wp-json\/wp\/v2\/pages\/1998"}],"wp:featuredmedia":[{"embeddable":true,"href":"https:\/\/yesbutnau.com\/en\/wp-json\/wp\/v2\/media\/2482"}],"wp:attachment":[{"href":"https:\/\/yesbutnau.com\/en\/wp-json\/wp\/v2\/media?parent=2006"}],"curies":[{"name":"wp","href":"https:\/\/api.w.org\/{rel}","templated":true}]}}